{"id":14897,"date":"2024-11-05T14:01:21","date_gmt":"2024-11-05T13:01:21","guid":{"rendered":"https:\/\/ginesis-finance.com\/le-nostre-iniziative-crs\/codice-di-condotta-per-i-fornitori\/"},"modified":"2025-08-11T18:25:44","modified_gmt":"2025-08-11T16:25:44","slug":"codice-di-condotta-per-i-fornitori","status":"publish","type":"page","link":"https:\/\/ginesis-finance.com\/it\/le-nostre-iniziative-crs\/codice-di-condotta-per-i-fornitori\/","title":{"rendered":"Codice di condotta per i fornitori"},"content":{"rendered":"\t\t<div data-elementor-type=\"wp-page\" data-elementor-id=\"14897\" class=\"elementor elementor-14897 elementor-8258\" data-elementor-post-type=\"page\">\n\t\t\t\t<div class=\"elementor-element elementor-element-99c0fdb e-con-full e-flex e-con e-parent\" data-id=\"99c0fdb\" data-element_type=\"container\" data-e-type=\"container\">\n\t\t\t\t<div class=\"elementor-element elementor-element-8dcb663 elementor-widget elementor-widget-html\" data-id=\"8dcb663\" data-element_type=\"widget\" data-e-type=\"widget\" data-widget_type=\"html.default\">\n\t\t\t\t<div class=\"elementor-widget-container\">\n\t\t\t\t\t<span><span><a href=\"https:\/\/ginesis-finance.com\/it\/home\/\">Home<\/a><\/span><\/span>\t\t\t\t<\/div>\n\t\t\t\t<\/div>\n\t\t\t\t<\/div>\n\t\t<div class=\"elementor-element elementor-element-80c84fd e-flex e-con-boxed e-con e-parent\" data-id=\"80c84fd\" data-element_type=\"container\" data-e-type=\"container\">\n\t\t\t\t\t<div class=\"e-con-inner\">\n\t\t\t\t<div class=\"elementor-element elementor-element-4b2636d elementor-widget elementor-widget-heading\" data-id=\"4b2636d\" data-element_type=\"widget\" data-e-type=\"widget\" data-widget_type=\"heading.default\">\n\t\t\t\t<div class=\"elementor-widget-container\">\n\t\t\t\t\t<h1 class=\"elementor-heading-title elementor-size-default\">Ginesis Finance: Codice di condotta per i fornitori<\/h1>\t\t\t\t<\/div>\n\t\t\t\t<\/div>\n\t\t\t\t<div class=\"elementor-element elementor-element-131d643 elementor-widget elementor-widget-heading\" data-id=\"131d643\" data-element_type=\"widget\" data-e-type=\"widget\" data-widget_type=\"heading.default\">\n\t\t\t\t<div class=\"elementor-widget-container\">\n\t\t\t\t\t<h2 class=\"elementor-heading-title elementor-size-default\">Questo codice di condotta per i fornitori enuncia gli impegni e le aspettative di Ginesis Finance nei confronti dei suoi fornitori in materia di sviluppo sostenibile e pratiche commerciali responsabili.<\/h2>\t\t\t\t<\/div>\n\t\t\t\t<\/div>\n\t\t\t\t<div class=\"elementor-element elementor-element-e130a47 elementor-widget elementor-widget-heading\" data-id=\"e130a47\" data-element_type=\"widget\" data-e-type=\"widget\" data-widget_type=\"heading.default\">\n\t\t\t\t<div class=\"elementor-widget-container\">\n\t\t\t\t\t<p class=\"elementor-heading-title elementor-size-default\">Questo codice di condotta si applica a qualsiasi fornitore di beni e\/o servizi che abbia accettato le condizioni generali contrattuali stabilite da Ginesis Finance.\nIl fornitore dovr\u00e0 mettere in pratica tutte le azioni possibili e applicabili tra le iniziative elencate in questo codice di condotta.\nGinesis Finance comunicher\u00e0 regolarmente con i suoi fornitori per assicurarsi che siano informati di questo codice di condotta e delle direttive aziendale in merito di condotta etica e responsabile.\nGinesis Finance si riserva il diritto di effettuare verifiche per valutare l\u2019applicazione di tale codice di condotta presso i suoi fornitori. Ad esempio, Ginesis Finance potrebbe richiedere a un fornitore di compilare un questionario di auto-valutazione, fornire prove di conformit\u00e0 o qualsiasi altra informazione specifica. I fornitori dovranno collaborare con Ginesis Finance per facilitare queste valutazioni. Ginesis Finance promuover\u00e0 uno spirito di collaborazione e dialogo per lavorare in un'ottica di miglioramento continuo con i suoi fornitori. In caso d\u2019inadempienza, Ginesis Finance si riserva il diritto di adottare misure correttive, fino alla cessazione dei rapporti commerciali tra Ginesis Finance e il fornitore.I fornitori di Ginesis Finance dovranno rispettare tutte le leggi, i regolamenti e le procedure applicabili al loro settore di attivit\u00e0, e li incoraggia a prendere tutte le misure ragionevoli per assicurare il rispetto degli 8 principi seguenti.   <br><br><b>1. Rispetto delle leggi e dei regolamenti:<\/b><br><br>I fornitori di Ginesis Finance devono rispettare tutte le leggi e i regolamenti applicabili, incluse le leggi sull'occupazione, le norme di sicurezza e protezione dell'ambiente e il codice etico di Ginesis Finance.<br><br><b>2. Condizioni di lavoro:<\/b><br><br>I fornitori di Ginesis Finance devono garantire condizioni di lavoro sane e sicure per i loro dipendenti. Devono anche rispettare i diritti umani e le leggi in materia di lavoro applicabili riguardo a salario minimo, straordinari e libert\u00e0 sindacale. <br><br><b>3.Salute e sicurezza:<\/b><br><br>I fornitori devono fornire un ambiente di lavoro sano e sicuro, assicurandosi che i lavoratori siano protetti dai rischi professionali e dagli incidenti sul lavoro. I fornitori devono anche adottare pratiche efficaci e aggiornate di gestione della salute e sicurezza sul lavoro (SSL) . <br><br><b>4. Integrit\u00e0 commerciale:<\/b><br><br>I fornitori di Ginesis Finance devono rispettare i pi\u00f9 elevati standard di integrit\u00e0 commerciale, inclusa la lotta contro la corruzione, la frode e la concorrenza sleale.<br><br><b>5. Protezione dell'ambiente:<\/b><br><br>I fornitori di Ginesis Finance devono tenere conto dell'impatto ambientale delle loro attivit\u00e0 e adottare pratiche sostenibili per minimizzare gli effetti negativi sull'ambiente. Incoraggiamo i nostri fornitori a intraprendere iniziative per misurare le emissioni di gas a effetto serra (bilancio del carbonio). <br><br><b>6. Riservatezza e propriet\u00e0 intellettuale:<\/b><br><br>I fornitori di Ginesis Finance devono rispettare le leggi e i regolamenti in materia di riservatezza e di propriet\u00e0 intellettuale, in particolare per quanto riguarda le informazioni riservate e i diritti d'autore.<br><br><b>7. Responsabilit\u00e0 sociale:<\/b><br><br>I fornitori di Ginesis Finance devono impegnarsi a rispettare i pi\u00f9 alti standard di responsabilit\u00e0 sociale, in particolare in materia di diritti umani, etica degli affari e responsabilit\u00e0 ambientale.<br><br><b>8. Parametri di riferimento nazionali e internazionali:<\/b><br><br>I fornitori devono consultare e, se del caso, aderire a parametri di riferimento nazionali e internazionali riconosciuti in materia di sviluppo sostenibile (quali: Task Force on Climate-related Financial Disclosures (TCFD), BNQ 21000 \u2013 Guida all'applicazione dei principi della Legge sullo sviluppo sostenibile nella gestione delle imprese e delle altre organizzazioni, Global Reporting Initiative (GRI), ISO 26000 \u2013 Responsabilit\u00e0 sociale).<\/p>\t\t\t\t<\/div>\n\t\t\t\t<\/div>\n\t\t\t\t\t<\/div>\n\t\t\t\t<\/div>\n\t\t\t\t<\/div>\n\t\t","protected":false},"excerpt":{"rendered":"<p>Ginesis Finance: Codice di condotta per i fornitori Questo codice di condotta per i fornitori enuncia gli impegni e le aspettative di Ginesis Finance nei confronti dei suoi fornitori in materia di sviluppo sostenibile e pratiche commerciali responsabili. Questo codice di condotta si applica a qualsiasi fornitore di beni e\/o servizi che abbia accettato le [&hellip;]<\/p>\n","protected":false},"author":2,"featured_media":0,"parent":14895,"menu_order":0,"comment_status":"closed","ping_status":"closed","template":"","meta":{"_acf_changed":false,"footnotes":""},"class_list":["post-14897","page","type-page","status-publish","hentry"],"acf":[],"yoast_head":"<!-- This site is optimized with the Yoast SEO plugin v27.0 - https:\/\/yoast.com\/product\/yoast-seo-wordpress\/ -->\n<title>Codice di condotta per i fornitori &#8211; Ginesis Finance<\/title>\n<meta name=\"description\" content=\"Codice di condotta dei fornitori: impegni e aspettative di Ginesis Finance su sostenibilit\u00e0 e pratiche d\u2019affari responsabili.\" \/>\n<meta name=\"robots\" content=\"index, follow, max-snippet:-1, max-image-preview:large, max-video-preview:-1\" \/>\n<link rel=\"canonical\" href=\"https:\/\/ginesis-finance.com\/it\/le-nostre-iniziative-crs\/codice-di-condotta-per-i-fornitori\/\" \/>\n<meta property=\"og:locale\" content=\"it_IT\" \/>\n<meta property=\"og:type\" content=\"article\" \/>\n<meta property=\"og:title\" content=\"Codice di condotta per i fornitori &#8211; Ginesis Finance\" \/>\n<meta property=\"og:description\" content=\"Codice di condotta dei fornitori: impegni e aspettative di Ginesis Finance su sostenibilit\u00e0 e pratiche d\u2019affari responsabili.\" \/>\n<meta property=\"og:url\" content=\"https:\/\/ginesis-finance.com\/it\/le-nostre-iniziative-crs\/codice-di-condotta-per-i-fornitori\/\" \/>\n<meta property=\"og:site_name\" content=\"Ginesis Finance\" \/>\n<meta property=\"article:modified_time\" content=\"2025-08-11T16:25:44+00:00\" \/>\n<meta name=\"twitter:card\" content=\"summary_large_image\" \/>\n<meta name=\"twitter:label1\" content=\"Tempo di lettura stimato\" \/>\n\t<meta name=\"twitter:data1\" content=\"3 minuti\" \/>\n<script type=\"application\/ld+json\" class=\"yoast-schema-graph\">{\"@context\":\"https:\/\/schema.org\",\"@graph\":[{\"@type\":\"WebPage\",\"@id\":\"https:\/\/ginesis-finance.com\/it\/le-nostre-iniziative-crs\/codice-di-condotta-per-i-fornitori\/\",\"url\":\"https:\/\/ginesis-finance.com\/it\/le-nostre-iniziative-crs\/codice-di-condotta-per-i-fornitori\/\",\"name\":\"Codice di condotta per i fornitori &#8211; Ginesis Finance\",\"isPartOf\":{\"@id\":\"https:\/\/ginesis-finance.com\/it\/#website\"},\"datePublished\":\"2024-11-05T13:01:21+00:00\",\"dateModified\":\"2025-08-11T16:25:44+00:00\",\"description\":\"Codice di condotta dei fornitori: impegni e aspettative di Ginesis Finance su sostenibilit\u00e0 e pratiche d\u2019affari responsabili.\",\"breadcrumb\":{\"@id\":\"https:\/\/ginesis-finance.com\/it\/le-nostre-iniziative-crs\/codice-di-condotta-per-i-fornitori\/#breadcrumb\"},\"inLanguage\":\"it-IT\",\"potentialAction\":[{\"@type\":\"ReadAction\",\"target\":[\"https:\/\/ginesis-finance.com\/it\/le-nostre-iniziative-crs\/codice-di-condotta-per-i-fornitori\/\"]}]},{\"@type\":\"BreadcrumbList\",\"@id\":\"https:\/\/ginesis-finance.com\/it\/le-nostre-iniziative-crs\/codice-di-condotta-per-i-fornitori\/#breadcrumb\",\"itemListElement\":[{\"@type\":\"ListItem\",\"position\":1,\"name\":\"Home\",\"item\":\"https:\/\/ginesis-finance.com\/it\/home\/\"},{\"@type\":\"ListItem\",\"position\":2,\"name\":\"Le nostre iniziative CSR\",\"item\":\"https:\/\/ginesis-finance.com\/it\/le-nostre-iniziative-crs\/\"},{\"@type\":\"ListItem\",\"position\":3,\"name\":\"Codice di condotta per i fornitori\"}]},{\"@type\":\"WebSite\",\"@id\":\"https:\/\/ginesis-finance.com\/it\/#website\",\"url\":\"https:\/\/ginesis-finance.com\/it\/\",\"name\":\"Ginesis Finance\",\"description\":\"\",\"publisher\":{\"@id\":\"https:\/\/ginesis-finance.com\/it\/#organization\"},\"potentialAction\":[{\"@type\":\"SearchAction\",\"target\":{\"@type\":\"EntryPoint\",\"urlTemplate\":\"https:\/\/ginesis-finance.com\/it\/?s={search_term_string}\"},\"query-input\":{\"@type\":\"PropertyValueSpecification\",\"valueRequired\":true,\"valueName\":\"search_term_string\"}}],\"inLanguage\":\"it-IT\"},{\"@type\":\"Organization\",\"@id\":\"https:\/\/ginesis-finance.com\/it\/#organization\",\"name\":\"Ginesis Finance\",\"url\":\"https:\/\/ginesis-finance.com\/it\/\",\"logo\":{\"@type\":\"ImageObject\",\"inLanguage\":\"it-IT\",\"@id\":\"https:\/\/ginesis-finance.com\/it\/#\/schema\/logo\/image\/\",\"url\":\"https:\/\/ginesis-finance.com\/wp-content\/uploads\/2025\/02\/logo-square-full.png\",\"contentUrl\":\"https:\/\/ginesis-finance.com\/wp-content\/uploads\/2025\/02\/logo-square-full.png\",\"width\":283,\"height\":283,\"caption\":\"Ginesis Finance\"},\"image\":{\"@id\":\"https:\/\/ginesis-finance.com\/it\/#\/schema\/logo\/image\/\"}}]}<\/script>\n<!-- \/ Yoast SEO plugin. -->","yoast_head_json":{"title":"Codice di condotta per i fornitori &#8211; Ginesis Finance","description":"Codice di condotta dei fornitori: impegni e aspettative di Ginesis Finance su sostenibilit\u00e0 e pratiche d\u2019affari responsabili.","robots":{"index":"index","follow":"follow","max-snippet":"max-snippet:-1","max-image-preview":"max-image-preview:large","max-video-preview":"max-video-preview:-1"},"canonical":"https:\/\/ginesis-finance.com\/it\/le-nostre-iniziative-crs\/codice-di-condotta-per-i-fornitori\/","og_locale":"it_IT","og_type":"article","og_title":"Codice di condotta per i fornitori &#8211; Ginesis Finance","og_description":"Codice di condotta dei fornitori: impegni e aspettative di Ginesis Finance su sostenibilit\u00e0 e pratiche d\u2019affari responsabili.","og_url":"https:\/\/ginesis-finance.com\/it\/le-nostre-iniziative-crs\/codice-di-condotta-per-i-fornitori\/","og_site_name":"Ginesis Finance","article_modified_time":"2025-08-11T16:25:44+00:00","twitter_card":"summary_large_image","twitter_misc":{"Tempo di lettura stimato":"3 minuti"},"schema":{"@context":"https:\/\/schema.org","@graph":[{"@type":"WebPage","@id":"https:\/\/ginesis-finance.com\/it\/le-nostre-iniziative-crs\/codice-di-condotta-per-i-fornitori\/","url":"https:\/\/ginesis-finance.com\/it\/le-nostre-iniziative-crs\/codice-di-condotta-per-i-fornitori\/","name":"Codice di condotta per i fornitori &#8211; Ginesis Finance","isPartOf":{"@id":"https:\/\/ginesis-finance.com\/it\/#website"},"datePublished":"2024-11-05T13:01:21+00:00","dateModified":"2025-08-11T16:25:44+00:00","description":"Codice di condotta dei fornitori: impegni e aspettative di Ginesis Finance su sostenibilit\u00e0 e pratiche d\u2019affari responsabili.","breadcrumb":{"@id":"https:\/\/ginesis-finance.com\/it\/le-nostre-iniziative-crs\/codice-di-condotta-per-i-fornitori\/#breadcrumb"},"inLanguage":"it-IT","potentialAction":[{"@type":"ReadAction","target":["https:\/\/ginesis-finance.com\/it\/le-nostre-iniziative-crs\/codice-di-condotta-per-i-fornitori\/"]}]},{"@type":"BreadcrumbList","@id":"https:\/\/ginesis-finance.com\/it\/le-nostre-iniziative-crs\/codice-di-condotta-per-i-fornitori\/#breadcrumb","itemListElement":[{"@type":"ListItem","position":1,"name":"Home","item":"https:\/\/ginesis-finance.com\/it\/home\/"},{"@type":"ListItem","position":2,"name":"Le nostre iniziative CSR","item":"https:\/\/ginesis-finance.com\/it\/le-nostre-iniziative-crs\/"},{"@type":"ListItem","position":3,"name":"Codice di condotta per i fornitori"}]},{"@type":"WebSite","@id":"https:\/\/ginesis-finance.com\/it\/#website","url":"https:\/\/ginesis-finance.com\/it\/","name":"Ginesis Finance","description":"","publisher":{"@id":"https:\/\/ginesis-finance.com\/it\/#organization"},"potentialAction":[{"@type":"SearchAction","target":{"@type":"EntryPoint","urlTemplate":"https:\/\/ginesis-finance.com\/it\/?s={search_term_string}"},"query-input":{"@type":"PropertyValueSpecification","valueRequired":true,"valueName":"search_term_string"}}],"inLanguage":"it-IT"},{"@type":"Organization","@id":"https:\/\/ginesis-finance.com\/it\/#organization","name":"Ginesis Finance","url":"https:\/\/ginesis-finance.com\/it\/","logo":{"@type":"ImageObject","inLanguage":"it-IT","@id":"https:\/\/ginesis-finance.com\/it\/#\/schema\/logo\/image\/","url":"https:\/\/ginesis-finance.com\/wp-content\/uploads\/2025\/02\/logo-square-full.png","contentUrl":"https:\/\/ginesis-finance.com\/wp-content\/uploads\/2025\/02\/logo-square-full.png","width":283,"height":283,"caption":"Ginesis Finance"},"image":{"@id":"https:\/\/ginesis-finance.com\/it\/#\/schema\/logo\/image\/"}}]}},"_links":{"self":[{"href":"https:\/\/ginesis-finance.com\/it\/wp-json\/wp\/v2\/pages\/14897","targetHints":{"allow":["GET"]}}],"collection":[{"href":"https:\/\/ginesis-finance.com\/it\/wp-json\/wp\/v2\/pages"}],"about":[{"href":"https:\/\/ginesis-finance.com\/it\/wp-json\/wp\/v2\/types\/page"}],"author":[{"embeddable":true,"href":"https:\/\/ginesis-finance.com\/it\/wp-json\/wp\/v2\/users\/2"}],"replies":[{"embeddable":true,"href":"https:\/\/ginesis-finance.com\/it\/wp-json\/wp\/v2\/comments?post=14897"}],"version-history":[{"count":1,"href":"https:\/\/ginesis-finance.com\/it\/wp-json\/wp\/v2\/pages\/14897\/revisions"}],"predecessor-version":[{"id":14898,"href":"https:\/\/ginesis-finance.com\/it\/wp-json\/wp\/v2\/pages\/14897\/revisions\/14898"}],"up":[{"embeddable":true,"href":"https:\/\/ginesis-finance.com\/it\/wp-json\/wp\/v2\/pages\/14895"}],"wp:attachment":[{"href":"https:\/\/ginesis-finance.com\/it\/wp-json\/wp\/v2\/media?parent=14897"}],"curies":[{"name":"wp","href":"https:\/\/api.w.org\/{rel}","templated":true}]}}