{"id":14933,"date":"2024-05-27T20:32:51","date_gmt":"2024-05-27T18:32:51","guid":{"rendered":"https:\/\/ginesis-finance.com\/note-legali\/"},"modified":"2025-08-12T14:15:26","modified_gmt":"2025-08-12T12:15:26","slug":"note-legali","status":"publish","type":"page","link":"https:\/\/ginesis-finance.com\/it\/note-legali\/","title":{"rendered":"Note Legali"},"content":{"rendered":"\t\t<div data-elementor-type=\"wp-page\" data-elementor-id=\"14933\" class=\"elementor elementor-14933 elementor-127\" data-elementor-post-type=\"page\">\n\t\t\t\t<div class=\"elementor-element elementor-element-36974593 e-flex e-con-boxed e-con e-parent\" data-id=\"36974593\" data-element_type=\"container\" data-e-type=\"container\">\n\t\t\t\t\t<div class=\"e-con-inner\">\n\t\t\t\t<div class=\"elementor-element elementor-element-68a8a3b8 elementor-widget elementor-widget-text-editor\" data-id=\"68a8a3b8\" data-element_type=\"widget\" data-e-type=\"widget\" data-widget_type=\"text-editor.default\">\n\t\t\t\t<div class=\"elementor-widget-container\">\n\t\t\t\t\t\t\t\t\t<h1><strong>Note Legali<\/strong><\/h1><p><strong> <\/strong><\/p><p>Benvenuti sul sito accessibile all&#8217;indirizzo <strong>ginesis-finance.com<\/strong> (di seguito il &#8220;Sito&#8221;).<\/p><p> <\/p><h2>1\/ Editore<\/h2><p>Il Sito \u00e8 edito dalla societ\u00e0 <strong>Ginini SAS <\/strong>(di seguito l'&#8221;azienda&#8221;)<\/p><p>La sede legale \u00e8 sita in <strong>10 Place Vend\u00f4me 75001 Paris<\/strong> immatricolata al RCS con il numero 453 853 723 R.C.S. Paris <strong>Siret :<\/strong><strong> <\/strong>45385372300014 <strong>\/ Siren :<\/strong><strong> <\/strong>453853723<\/p><p> <\/p><h2>2\/ Direttore della pubblicazione<\/h2><p>Il direttore della pubblicazione del Sito \u00e8 il Sig. <strong>Giuseppe Zarbo<\/strong><\/p><p>Indirizzo e-mail: vedi sezione Contatti<\/p><p> <\/p><h2>3\/ Hosting<\/h2><p>Il Sito \u00e8 ospitato da <u><a href=\"https:\/\/www.hostinger.fr\/?REFERRALCODE=1ALEXANDRER87\">Hostinger<\/a><\/u><\/p><p>HOSTINGER, UAB<br>Rue Jonavos 60C, Kaunas 44192 Lituanie<br>Telefono : +37064503378<br>E-mail : <a href=\"mailto:domains@hostinger.com\">domains@hostinger.com<\/a><\/p><p>Il sito \u00e8 stato progettato su un modello ottimizzato creato da Alexandre ROMANI. <u><a href=\"https:\/\/boutique.alexandre-romani.com\/offres\/websitebuilder\">Scopri di pi\u00f9<\/a><\/u><\/p><p>Progetto di Manon Sim\u00e9on, integrazione e manutenzione ad opera di Bastien Geneuil <\/p><p> <\/p><h2>4\/ Condizioni d&#8217;uso del Sito<\/h2><div> <\/div><h3>Propriet\u00e0 intellettuale<\/h3><p>L&#8217;Editore \u00e8 titolare dei diritti di propriet\u00e0 intellettuale su tutti i contenuti del suo sito web. Ci\u00f2 significa che gli utenti del Sito non possono scaricare o copiare-incollare i contenuti protetti da diritti di propriet\u00e0 intellettuale, ad esclusione di quanto espressamente autorizzato per legge o previa autorizzazione dell&#8217;Editore. In effetti, il contenuto del Sito \u00e8 di propriet\u00e0 esclusiva dell&#8217;Editore, salvo eventuali diritti dei partner o controparti, ed \u00e8 protetto dalla normativa sulla propriet\u00e0 intellettuale. Qualsivoglia riproduzione totale o parziale \u00e8 formalmente vietata a pena di sanzioni. Pertanto, gli elementi del Sito, considerati nella loro totalit\u00e0 o singolarmente, non possono formare oggetto di alcun utilizzo, trasformazione, traduzione, adattamento, riproduzione, sfruttamento non espressamente autorizzati dall&#8217;Editore. Qualsiasi violazione potr\u00e0 essere sanzionata ai sensi della contraffazione, secondo quanto esposto nel Codice di propriet\u00e0 intellettuale. Altrettanto si applica, se del caso, per le banche dati presenti sul Sito, protette in quanto tali dalla normativa generale sui produttori di banche date.  <\/p><p> <\/p><h3>Link ipertestuali<\/h3><p>Il Sito potrebbe indirizzare l&#8217;utente via link ipertestuali verso altri siti web dello stesso Editore o di terzi.<br>Spetta all&#8217;Utente consultare le note legali di questi siti e rispettare le loro eventuali condizioni d&#8217;uso.<br>L&#8217;Editore non potr\u00e0 in alcun caso essere ritenuto responsabile delle informazioni diffuse sui siti sui quali sono stati installati link ipertestuali, nonch\u00e9 di tutti i danni di qualsiasi natura risultanti in particolare dal loro accesso.<br>Se una persona indirizza i suoi utenti verso il presente sito web, l&#8217;Editore si riserva la possibilit\u00e0 di richiedere la soppressione del link ipertestuale che dirige verso il presente sito, se ritiene che esso non sia conforme ai suoi diritti e interessi legittimi.<\/p><p>Puoi consultare la nostra politica sulla riservatezza e le condizioni generali di vendita per ulteriori informazioni.<\/p>\t\t\t\t\t\t\t\t<\/div>\n\t\t\t\t<\/div>\n\t\t\t\t\t<\/div>\n\t\t\t\t<\/div>\n\t\t\t\t<\/div>\n\t\t","protected":false},"excerpt":{"rendered":"<p>Note Legali Benvenuti sul sito accessibile all&#8217;indirizzo ginesis-finance.com (di seguito il &#8220;Sito&#8221;). 1\/ Editore Il Sito \u00e8 edito dalla societ\u00e0 Ginini SAS (di seguito l&#8217;&#8221;azienda&#8221;) La sede legale \u00e8 sita in 10 Place Vend\u00f4me 75001 Paris immatricolata al RCS con il numero 453 853 723 R.C.S. Paris Siret : 45385372300014 \/ Siren : 453853723 2\/ [&hellip;]<\/p>\n","protected":false},"author":2,"featured_media":0,"parent":0,"menu_order":0,"comment_status":"closed","ping_status":"closed","template":"","meta":{"_acf_changed":false,"footnotes":""},"class_list":["post-14933","page","type-page","status-publish","hentry"],"acf":[],"yoast_head":"<!-- This site is optimized with the Yoast SEO plugin v27.0 - https:\/\/yoast.com\/product\/yoast-seo-wordpress\/ -->\n<title>Note Legali &#8211; Ginesis Finance<\/title>\n<meta name=\"robots\" content=\"index, follow, max-snippet:-1, max-image-preview:large, max-video-preview:-1\" \/>\n<link rel=\"canonical\" href=\"https:\/\/ginesis-finance.com\/it\/note-legali\/\" \/>\n<meta property=\"og:locale\" content=\"it_IT\" \/>\n<meta property=\"og:type\" content=\"article\" \/>\n<meta property=\"og:title\" content=\"Note Legali &#8211; Ginesis Finance\" \/>\n<meta property=\"og:description\" content=\"Note Legali Benvenuti sul sito accessibile all&#8217;indirizzo ginesis-finance.com (di seguito il &#8220;Sito&#8221;). 1\/ Editore Il Sito \u00e8 edito dalla societ\u00e0 Ginini SAS (di seguito l&#039;&#8221;azienda&#8221;) La sede legale \u00e8 sita in 10 Place Vend\u00f4me 75001 Paris immatricolata al RCS con il numero 453 853 723 R.C.S. Paris Siret : 45385372300014 \/ Siren : 453853723 2\/ [&hellip;]\" \/>\n<meta property=\"og:url\" content=\"https:\/\/ginesis-finance.com\/it\/note-legali\/\" \/>\n<meta property=\"og:site_name\" content=\"Ginesis Finance\" \/>\n<meta property=\"article:modified_time\" content=\"2025-08-12T12:15:26+00:00\" \/>\n<meta name=\"twitter:card\" content=\"summary_large_image\" \/>\n<meta name=\"twitter:label1\" content=\"Tempo di lettura stimato\" \/>\n\t<meta name=\"twitter:data1\" content=\"2 minuti\" \/>\n<script type=\"application\/ld+json\" class=\"yoast-schema-graph\">{\"@context\":\"https:\/\/schema.org\",\"@graph\":[{\"@type\":\"WebPage\",\"@id\":\"https:\/\/ginesis-finance.com\/it\/note-legali\/\",\"url\":\"https:\/\/ginesis-finance.com\/it\/note-legali\/\",\"name\":\"Note Legali &#8211; Ginesis Finance\",\"isPartOf\":{\"@id\":\"https:\/\/ginesis-finance.com\/it\/#website\"},\"datePublished\":\"2024-05-27T18:32:51+00:00\",\"dateModified\":\"2025-08-12T12:15:26+00:00\",\"breadcrumb\":{\"@id\":\"https:\/\/ginesis-finance.com\/it\/note-legali\/#breadcrumb\"},\"inLanguage\":\"it-IT\",\"potentialAction\":[{\"@type\":\"ReadAction\",\"target\":[\"https:\/\/ginesis-finance.com\/it\/note-legali\/\"]}]},{\"@type\":\"BreadcrumbList\",\"@id\":\"https:\/\/ginesis-finance.com\/it\/note-legali\/#breadcrumb\",\"itemListElement\":[{\"@type\":\"ListItem\",\"position\":1,\"name\":\"Home\",\"item\":\"https:\/\/ginesis-finance.com\/it\/home\/\"},{\"@type\":\"ListItem\",\"position\":2,\"name\":\"Note Legali\"}]},{\"@type\":\"WebSite\",\"@id\":\"https:\/\/ginesis-finance.com\/it\/#website\",\"url\":\"https:\/\/ginesis-finance.com\/it\/\",\"name\":\"Ginesis Finance\",\"description\":\"\",\"publisher\":{\"@id\":\"https:\/\/ginesis-finance.com\/it\/#organization\"},\"potentialAction\":[{\"@type\":\"SearchAction\",\"target\":{\"@type\":\"EntryPoint\",\"urlTemplate\":\"https:\/\/ginesis-finance.com\/it\/?s={search_term_string}\"},\"query-input\":{\"@type\":\"PropertyValueSpecification\",\"valueRequired\":true,\"valueName\":\"search_term_string\"}}],\"inLanguage\":\"it-IT\"},{\"@type\":\"Organization\",\"@id\":\"https:\/\/ginesis-finance.com\/it\/#organization\",\"name\":\"Ginesis Finance\",\"url\":\"https:\/\/ginesis-finance.com\/it\/\",\"logo\":{\"@type\":\"ImageObject\",\"inLanguage\":\"it-IT\",\"@id\":\"https:\/\/ginesis-finance.com\/it\/#\/schema\/logo\/image\/\",\"url\":\"https:\/\/ginesis-finance.com\/wp-content\/uploads\/2025\/02\/logo-square-full.png\",\"contentUrl\":\"https:\/\/ginesis-finance.com\/wp-content\/uploads\/2025\/02\/logo-square-full.png\",\"width\":283,\"height\":283,\"caption\":\"Ginesis Finance\"},\"image\":{\"@id\":\"https:\/\/ginesis-finance.com\/it\/#\/schema\/logo\/image\/\"}}]}<\/script>\n<!-- \/ Yoast SEO plugin. -->","yoast_head_json":{"title":"Note Legali &#8211; Ginesis Finance","robots":{"index":"index","follow":"follow","max-snippet":"max-snippet:-1","max-image-preview":"max-image-preview:large","max-video-preview":"max-video-preview:-1"},"canonical":"https:\/\/ginesis-finance.com\/it\/note-legali\/","og_locale":"it_IT","og_type":"article","og_title":"Note Legali &#8211; Ginesis Finance","og_description":"Note Legali Benvenuti sul sito accessibile all&#8217;indirizzo ginesis-finance.com (di seguito il &#8220;Sito&#8221;). 1\/ Editore Il Sito \u00e8 edito dalla societ\u00e0 Ginini SAS (di seguito l'&#8221;azienda&#8221;) La sede legale \u00e8 sita in 10 Place Vend\u00f4me 75001 Paris immatricolata al RCS con il numero 453 853 723 R.C.S. Paris Siret : 45385372300014 \/ Siren : 453853723 2\/ [&hellip;]","og_url":"https:\/\/ginesis-finance.com\/it\/note-legali\/","og_site_name":"Ginesis Finance","article_modified_time":"2025-08-12T12:15:26+00:00","twitter_card":"summary_large_image","twitter_misc":{"Tempo di lettura stimato":"2 minuti"},"schema":{"@context":"https:\/\/schema.org","@graph":[{"@type":"WebPage","@id":"https:\/\/ginesis-finance.com\/it\/note-legali\/","url":"https:\/\/ginesis-finance.com\/it\/note-legali\/","name":"Note Legali &#8211; Ginesis Finance","isPartOf":{"@id":"https:\/\/ginesis-finance.com\/it\/#website"},"datePublished":"2024-05-27T18:32:51+00:00","dateModified":"2025-08-12T12:15:26+00:00","breadcrumb":{"@id":"https:\/\/ginesis-finance.com\/it\/note-legali\/#breadcrumb"},"inLanguage":"it-IT","potentialAction":[{"@type":"ReadAction","target":["https:\/\/ginesis-finance.com\/it\/note-legali\/"]}]},{"@type":"BreadcrumbList","@id":"https:\/\/ginesis-finance.com\/it\/note-legali\/#breadcrumb","itemListElement":[{"@type":"ListItem","position":1,"name":"Home","item":"https:\/\/ginesis-finance.com\/it\/home\/"},{"@type":"ListItem","position":2,"name":"Note Legali"}]},{"@type":"WebSite","@id":"https:\/\/ginesis-finance.com\/it\/#website","url":"https:\/\/ginesis-finance.com\/it\/","name":"Ginesis Finance","description":"","publisher":{"@id":"https:\/\/ginesis-finance.com\/it\/#organization"},"potentialAction":[{"@type":"SearchAction","target":{"@type":"EntryPoint","urlTemplate":"https:\/\/ginesis-finance.com\/it\/?s={search_term_string}"},"query-input":{"@type":"PropertyValueSpecification","valueRequired":true,"valueName":"search_term_string"}}],"inLanguage":"it-IT"},{"@type":"Organization","@id":"https:\/\/ginesis-finance.com\/it\/#organization","name":"Ginesis Finance","url":"https:\/\/ginesis-finance.com\/it\/","logo":{"@type":"ImageObject","inLanguage":"it-IT","@id":"https:\/\/ginesis-finance.com\/it\/#\/schema\/logo\/image\/","url":"https:\/\/ginesis-finance.com\/wp-content\/uploads\/2025\/02\/logo-square-full.png","contentUrl":"https:\/\/ginesis-finance.com\/wp-content\/uploads\/2025\/02\/logo-square-full.png","width":283,"height":283,"caption":"Ginesis Finance"},"image":{"@id":"https:\/\/ginesis-finance.com\/it\/#\/schema\/logo\/image\/"}}]}},"_links":{"self":[{"href":"https:\/\/ginesis-finance.com\/it\/wp-json\/wp\/v2\/pages\/14933","targetHints":{"allow":["GET"]}}],"collection":[{"href":"https:\/\/ginesis-finance.com\/it\/wp-json\/wp\/v2\/pages"}],"about":[{"href":"https:\/\/ginesis-finance.com\/it\/wp-json\/wp\/v2\/types\/page"}],"author":[{"embeddable":true,"href":"https:\/\/ginesis-finance.com\/it\/wp-json\/wp\/v2\/users\/2"}],"replies":[{"embeddable":true,"href":"https:\/\/ginesis-finance.com\/it\/wp-json\/wp\/v2\/comments?post=14933"}],"version-history":[{"count":1,"href":"https:\/\/ginesis-finance.com\/it\/wp-json\/wp\/v2\/pages\/14933\/revisions"}],"predecessor-version":[{"id":14934,"href":"https:\/\/ginesis-finance.com\/it\/wp-json\/wp\/v2\/pages\/14933\/revisions\/14934"}],"wp:attachment":[{"href":"https:\/\/ginesis-finance.com\/it\/wp-json\/wp\/v2\/media?parent=14933"}],"curies":[{"name":"wp","href":"https:\/\/api.w.org\/{rel}","templated":true}]}}